{"id":17307,"date":"2016-01-11T16:02:59","date_gmt":"2016-01-11T15:02:59","guid":{"rendered":"https:\/\/unikognaturlig.dk\/produktas\/towel-natural-linen-cotton-big-waffle\/"},"modified":"2020-08-31T09:54:27","modified_gmt":"2020-08-31T08:54:27","slug":"hand-towel-natural-linen-cotton-blend-pre-washed-big-waffle","status":"publish","type":"product","link":"https:\/\/unikognaturlig.dk\/en\/product\/hand-towel-natural-linen-cotton-blend-pre-washed-big-waffle\/","title":{"rendered":"Hand-towel Natural | Linen-Cotton | Big Waffle"},"content":{"rendered":"<h6>Hand towel Big Waffle Natural,\u00a0 pre washed linen-cotton blend, 52% linen 48% cotton<\/h6>\n<h6>Size 40 x 85cm<\/h6>\n","protected":false},"excerpt":{"rendered":"<h3>Towel Big Waffle Natural<\/h3>\n<h4>Linen-cotton, pre washed<\/h4>\n<h5>40 x 85 cm<\/h5>\n<p>Soft hand towel in linen-cotton blend. Colour is natural linen grey.<\/p>\n<p>Thick and soft linen towel with good absorbing capasity.<\/p>\n<p>Combination of linen and cotton results in extra volume of towel.<\/p>\n<p>Hangerloop\u00a0 in long side.<\/p>\n<p>Read more \u00a0<span style=\"color: #0000ff\"><em><a style=\"color: #0000ff\" href=\"\/?page_id=18281\" target=\"_blank\" rel=\"noopener\">om h\u00f8r<\/a>.<\/em><\/span><\/p>\n<p>Can combines \/ matches with our tea towels in natural tones.<\/p>\n<p>Is also available in\u00a0<span style=\"color: #0000ff\"><em><a style=\"color: #0000ff\" href=\"https:\/\/unikognaturlig.dk\/shop-2\/badehaandklaede-hoer-bomuld-vasket-natur\/\" target=\"_blank\" rel=\"noopener\">stor st\u00f8rrelse.<\/a><\/em><\/span><\/p>\n<hr \/>\n<p>52% linen 48% cotton<\/p>\n<p>Size 40 x 85cm<\/p>\n<p>Wash at max 60\u00ba C, can be tumbled dry<\/p>\n<p>Produced in EU<\/p>\n","protected":false},"featured_media":63078,"template":"","meta":{"_exactmetrics_skip_tracking":false,"_exactmetrics_sitenote_active":false,"_exactmetrics_sitenote_note":"","_exactmetrics_sitenote_category":0},"product_brand":[],"product_cat":[461,470,475,477],"product_tag":[363],"class_list":{"0":"post-17307","1":"product","2":"type-product","3":"status-publish","4":"has-post-thumbnail","6":"product_cat-bathroom-linen","7":"product_cat-linen-bath-towels","8":"product_cat-kitchen-linen","9":"product_cat-linen-tea-towels","10":"product_tag-natural","12":"first","13":"instock","14":"taxable","15":"shipping-taxable","16":"purchasable","17":"product-type-simple"},"yoast_head":"<!-- This site is optimized with the Yoast SEO Premium plugin v26.1 (Yoast SEO v26.1.1) - https:\/\/yoast.com\/wordpress\/plugins\/seo\/ -->\n<title>Hand-towel Natural | Linen-Cotton | Big Waffle - Unik og Naturlig<\/title>\n<meta name=\"robots\" content=\"index, follow, max-snippet:-1, max-image-preview:large, max-video-preview:-1\" \/>\n<link rel=\"canonical\" href=\"https:\/\/unikognaturlig.dk\/en\/product\/hand-towel-natural-linen-cotton-blend-pre-washed-big-waffle\/\" \/>\n<meta property=\"og:locale\" content=\"en_US\" \/>\n<meta property=\"og:type\" content=\"article\" \/>\n<meta property=\"og:title\" content=\"Hand-towel Natural | Linen-Cotton | Big Waffle\" \/>\n<meta property=\"og:description\" content=\"Towel Big Waffle Natural Linen-cotton, pre washed 40 x 85 cm Soft hand towel in linen-cotton blend. Colour is natural linen grey.  Thick and soft linen towel with good absorbing capasity.  Combination of linen and cotton results in extra volume of towel.  Hangerloop\u00a0 in long side.  Read more \u00a0om h\u00f8r.  Can combines \/ matches with our tea towels in natural tones.  Is also available in\u00a0stor st\u00f8rrelse.    52% linen 48% cotton  Size 40 x 85cm  Wash at max 60\u00ba C, can be tumbled dry  Produced in EU\" \/>\n<meta property=\"og:url\" content=\"https:\/\/unikognaturlig.dk\/en\/product\/hand-towel-natural-linen-cotton-blend-pre-washed-big-waffle\/\" \/>\n<meta property=\"og:site_name\" content=\"Unik og Naturlig\" \/>\n<meta property=\"article:publisher\" content=\"https:\/\/www.facebook.com\/unikognaturlig\/\" \/>\n<meta property=\"article:modified_time\" content=\"2020-08-31T08:54:27+00:00\" \/>\n<meta property=\"og:image\" content=\"https:\/\/unikognaturlig.dk\/wp-content\/uploads\/2016\/01\/hoerhaandklaede-stor-vaffel-natur-1-800-12.jpg\" \/>\n\t<meta property=\"og:image:width\" content=\"800\" \/>\n\t<meta property=\"og:image:height\" content=\"800\" \/>\n\t<meta property=\"og:image:type\" content=\"image\/jpeg\" \/>\n<meta name=\"twitter:card\" content=\"summary_large_image\" \/>\n<script type=\"application\/ld+json\" class=\"yoast-schema-graph\">{\"@context\":\"https:\/\/schema.org\",\"@graph\":[{\"@type\":[\"WebPage\",\"ItemPage\"],\"@id\":\"https:\/\/unikognaturlig.dk\/en\/product\/hand-towel-natural-linen-cotton-blend-pre-washed-big-waffle\/\",\"url\":\"https:\/\/unikognaturlig.dk\/en\/product\/hand-towel-natural-linen-cotton-blend-pre-washed-big-waffle\/\",\"name\":\"Hand-towel Natural | Linen-Cotton | Big Waffle - Unik og Naturlig\",\"isPartOf\":{\"@id\":\"https:\/\/unikognaturlig.dk\/en\/#website\"},\"primaryImageOfPage\":{\"@id\":\"https:\/\/unikognaturlig.dk\/en\/product\/hand-towel-natural-linen-cotton-blend-pre-washed-big-waffle\/#primaryimage\"},\"image\":{\"@id\":\"https:\/\/unikognaturlig.dk\/en\/product\/hand-towel-natural-linen-cotton-blend-pre-washed-big-waffle\/#primaryimage\"},\"thumbnailUrl\":\"https:\/\/unikognaturlig.dk\/wp-content\/uploads\/2016\/01\/hoerhaandklaede-stor-vaffel-natur-1-800-12.jpg\",\"datePublished\":\"2016-01-11T15:02:59+00:00\",\"dateModified\":\"2020-08-31T08:54:27+00:00\",\"breadcrumb\":{\"@id\":\"https:\/\/unikognaturlig.dk\/en\/product\/hand-towel-natural-linen-cotton-blend-pre-washed-big-waffle\/#breadcrumb\"},\"inLanguage\":\"en-US\",\"potentialAction\":[{\"@type\":\"ReadAction\",\"target\":[\"https:\/\/unikognaturlig.dk\/en\/product\/hand-towel-natural-linen-cotton-blend-pre-washed-big-waffle\/\"]}]},{\"@type\":\"ImageObject\",\"inLanguage\":\"en-US\",\"@id\":\"https:\/\/unikognaturlig.dk\/en\/product\/hand-towel-natural-linen-cotton-blend-pre-washed-big-waffle\/#primaryimage\",\"url\":\"https:\/\/unikognaturlig.dk\/wp-content\/uploads\/2016\/01\/hoerhaandklaede-stor-vaffel-natur-1-800-12.jpg\",\"contentUrl\":\"https:\/\/unikognaturlig.dk\/wp-content\/uploads\/2016\/01\/hoerhaandklaede-stor-vaffel-natur-1-800-12.jpg\",\"width\":800,\"height\":800,\"caption\":\"h\u00e5ndkl\u00e6de i vasket h\u00f8r-bomuld, Stor Vaffel natur\"},{\"@type\":\"BreadcrumbList\",\"@id\":\"https:\/\/unikognaturlig.dk\/en\/product\/hand-towel-natural-linen-cotton-blend-pre-washed-big-waffle\/#breadcrumb\",\"itemListElement\":[{\"@type\":\"ListItem\",\"position\":1,\"name\":\"Forside\",\"item\":\"https:\/\/unikognaturlig.dk\/en\/\"},{\"@type\":\"ListItem\",\"position\":2,\"name\":\"SHOP\",\"item\":\"https:\/\/unikognaturlig.dk\/en\/shop-2\/\"},{\"@type\":\"ListItem\",\"position\":3,\"name\":\"Hand-towel Natural | Linen-Cotton | Big Waffle\"}]},{\"@type\":\"WebSite\",\"@id\":\"https:\/\/unikognaturlig.dk\/en\/#website\",\"url\":\"https:\/\/unikognaturlig.dk\/en\/\",\"name\":\"Unik og Naturlig\",\"description\":\"Kol kas tik dar vienas WordPress tinklalapis\",\"publisher\":{\"@id\":\"https:\/\/unikognaturlig.dk\/en\/#organization\"},\"potentialAction\":[{\"@type\":\"SearchAction\",\"target\":{\"@type\":\"EntryPoint\",\"urlTemplate\":\"https:\/\/unikognaturlig.dk\/en\/?s={search_term_string}\"},\"query-input\":{\"@type\":\"PropertyValueSpecification\",\"valueRequired\":true,\"valueName\":\"search_term_string\"}}],\"inLanguage\":\"en-US\"},{\"@type\":\"Organization\",\"@id\":\"https:\/\/unikognaturlig.dk\/en\/#organization\",\"name\":\"Unik og Naturlig\",\"alternateName\":\"Unik og Naturlig\",\"url\":\"https:\/\/unikognaturlig.dk\/en\/\",\"logo\":{\"@type\":\"ImageObject\",\"inLanguage\":\"en-US\",\"@id\":\"https:\/\/unikognaturlig.dk\/en\/#\/schema\/logo\/image\/\",\"url\":\"https:\/\/unikognaturlig.dk\/wp-content\/uploads\/2025\/10\/LOGO.jpg\",\"contentUrl\":\"https:\/\/unikognaturlig.dk\/wp-content\/uploads\/2025\/10\/LOGO.jpg\",\"width\":360,\"height\":360,\"caption\":\"Unik og Naturlig\"},\"image\":{\"@id\":\"https:\/\/unikognaturlig.dk\/en\/#\/schema\/logo\/image\/\"},\"sameAs\":[\"https:\/\/www.facebook.com\/unikognaturlig\/\",\"https:\/\/dk.pinterest.com\/unikognaturlig\/\",\"https:\/\/www.instagram.com\/unikognaturlig\/\"],\"description\":\"Salg af \u00d8KO-TEX certificerede og European Flax\u2122 certificerede h\u00f8rprodukter til hjemmet. Alle vores produkter er produceret i Litauen (EU). Varer bliver afsendt fra vores lager i Danmark. Vi tilbyder dag-til-dag levering til GLS pakkeshop i Danmark. Fragt fra 39 kr. 14 dages returret.\",\"email\":\"info@unikognaturlig.dk\",\"telephone\":\"60568520\",\"legalName\":\"Unik og Naturlig\",\"foundingDate\":\"2014-07-10\",\"vatID\":\"35907033\",\"numberOfEmployees\":{\"@type\":\"QuantitativeValue\",\"minValue\":\"1\",\"maxValue\":\"10\"},\"publishingPrinciples\":\"https:\/\/unikognaturlig.dk\/persondatapolitik\/\",\"correctionsPolicy\":\"https:\/\/unikognaturlig.dk\/fortrudelse-reklamation\/\"}]}<\/script>\n<!-- \/ Yoast SEO Premium plugin. -->","yoast_head_json":{"title":"Hand-towel Natural | Linen-Cotton | Big Waffle - Unik og Naturlig","robots":{"index":"index","follow":"follow","max-snippet":"max-snippet:-1","max-image-preview":"max-image-preview:large","max-video-preview":"max-video-preview:-1"},"canonical":"https:\/\/unikognaturlig.dk\/en\/product\/hand-towel-natural-linen-cotton-blend-pre-washed-big-waffle\/","og_locale":"en_US","og_type":"article","og_title":"Hand-towel Natural | Linen-Cotton | Big Waffle","og_description":"Towel Big Waffle Natural Linen-cotton, pre washed 40 x 85 cm Soft hand towel in linen-cotton blend. Colour is natural linen grey.  Thick and soft linen towel with good absorbing capasity.  Combination of linen and cotton results in extra volume of towel.  Hangerloop\u00a0 in long side.  Read more \u00a0om h\u00f8r.  Can combines \/ matches with our tea towels in natural tones.  Is also available in\u00a0stor st\u00f8rrelse.    52% linen 48% cotton  Size 40 x 85cm  Wash at max 60\u00ba C, can be tumbled dry  Produced in EU","og_url":"https:\/\/unikognaturlig.dk\/en\/product\/hand-towel-natural-linen-cotton-blend-pre-washed-big-waffle\/","og_site_name":"Unik og Naturlig","article_publisher":"https:\/\/www.facebook.com\/unikognaturlig\/","article_modified_time":"2020-08-31T08:54:27+00:00","og_image":[{"width":800,"height":800,"url":"https:\/\/unikognaturlig.dk\/wp-content\/uploads\/2016\/01\/hoerhaandklaede-stor-vaffel-natur-1-800-12.jpg","type":"image\/jpeg"}],"twitter_card":"summary_large_image","schema":{"@context":"https:\/\/schema.org","@graph":[{"@type":["WebPage","ItemPage"],"@id":"https:\/\/unikognaturlig.dk\/en\/product\/hand-towel-natural-linen-cotton-blend-pre-washed-big-waffle\/","url":"https:\/\/unikognaturlig.dk\/en\/product\/hand-towel-natural-linen-cotton-blend-pre-washed-big-waffle\/","name":"Hand-towel Natural | Linen-Cotton | Big Waffle - Unik og Naturlig","isPartOf":{"@id":"https:\/\/unikognaturlig.dk\/en\/#website"},"primaryImageOfPage":{"@id":"https:\/\/unikognaturlig.dk\/en\/product\/hand-towel-natural-linen-cotton-blend-pre-washed-big-waffle\/#primaryimage"},"image":{"@id":"https:\/\/unikognaturlig.dk\/en\/product\/hand-towel-natural-linen-cotton-blend-pre-washed-big-waffle\/#primaryimage"},"thumbnailUrl":"https:\/\/unikognaturlig.dk\/wp-content\/uploads\/2016\/01\/hoerhaandklaede-stor-vaffel-natur-1-800-12.jpg","datePublished":"2016-01-11T15:02:59+00:00","dateModified":"2020-08-31T08:54:27+00:00","breadcrumb":{"@id":"https:\/\/unikognaturlig.dk\/en\/product\/hand-towel-natural-linen-cotton-blend-pre-washed-big-waffle\/#breadcrumb"},"inLanguage":"en-US","potentialAction":[{"@type":"ReadAction","target":["https:\/\/unikognaturlig.dk\/en\/product\/hand-towel-natural-linen-cotton-blend-pre-washed-big-waffle\/"]}]},{"@type":"ImageObject","inLanguage":"en-US","@id":"https:\/\/unikognaturlig.dk\/en\/product\/hand-towel-natural-linen-cotton-blend-pre-washed-big-waffle\/#primaryimage","url":"https:\/\/unikognaturlig.dk\/wp-content\/uploads\/2016\/01\/hoerhaandklaede-stor-vaffel-natur-1-800-12.jpg","contentUrl":"https:\/\/unikognaturlig.dk\/wp-content\/uploads\/2016\/01\/hoerhaandklaede-stor-vaffel-natur-1-800-12.jpg","width":800,"height":800,"caption":"h\u00e5ndkl\u00e6de i vasket h\u00f8r-bomuld, Stor Vaffel natur"},{"@type":"BreadcrumbList","@id":"https:\/\/unikognaturlig.dk\/en\/product\/hand-towel-natural-linen-cotton-blend-pre-washed-big-waffle\/#breadcrumb","itemListElement":[{"@type":"ListItem","position":1,"name":"Forside","item":"https:\/\/unikognaturlig.dk\/en\/"},{"@type":"ListItem","position":2,"name":"SHOP","item":"https:\/\/unikognaturlig.dk\/en\/shop-2\/"},{"@type":"ListItem","position":3,"name":"Hand-towel Natural | Linen-Cotton | Big Waffle"}]},{"@type":"WebSite","@id":"https:\/\/unikognaturlig.dk\/en\/#website","url":"https:\/\/unikognaturlig.dk\/en\/","name":"Unik og Naturlig","description":"Kol kas tik dar vienas WordPress tinklalapis","publisher":{"@id":"https:\/\/unikognaturlig.dk\/en\/#organization"},"potentialAction":[{"@type":"SearchAction","target":{"@type":"EntryPoint","urlTemplate":"https:\/\/unikognaturlig.dk\/en\/?s={search_term_string}"},"query-input":{"@type":"PropertyValueSpecification","valueRequired":true,"valueName":"search_term_string"}}],"inLanguage":"en-US"},{"@type":"Organization","@id":"https:\/\/unikognaturlig.dk\/en\/#organization","name":"Unik og Naturlig","alternateName":"Unik og Naturlig","url":"https:\/\/unikognaturlig.dk\/en\/","logo":{"@type":"ImageObject","inLanguage":"en-US","@id":"https:\/\/unikognaturlig.dk\/en\/#\/schema\/logo\/image\/","url":"https:\/\/unikognaturlig.dk\/wp-content\/uploads\/2025\/10\/LOGO.jpg","contentUrl":"https:\/\/unikognaturlig.dk\/wp-content\/uploads\/2025\/10\/LOGO.jpg","width":360,"height":360,"caption":"Unik og Naturlig"},"image":{"@id":"https:\/\/unikognaturlig.dk\/en\/#\/schema\/logo\/image\/"},"sameAs":["https:\/\/www.facebook.com\/unikognaturlig\/","https:\/\/dk.pinterest.com\/unikognaturlig\/","https:\/\/www.instagram.com\/unikognaturlig\/"],"description":"Salg af \u00d8KO-TEX certificerede og European Flax\u2122 certificerede h\u00f8rprodukter til hjemmet. Alle vores produkter er produceret i Litauen (EU). Varer bliver afsendt fra vores lager i Danmark. Vi tilbyder dag-til-dag levering til GLS pakkeshop i Danmark. Fragt fra 39 kr. 14 dages returret.","email":"info@unikognaturlig.dk","telephone":"60568520","legalName":"Unik og Naturlig","foundingDate":"2014-07-10","vatID":"35907033","numberOfEmployees":{"@type":"QuantitativeValue","minValue":"1","maxValue":"10"},"publishingPrinciples":"https:\/\/unikognaturlig.dk\/persondatapolitik\/","correctionsPolicy":"https:\/\/unikognaturlig.dk\/fortrudelse-reklamation\/"}]}},"_links":{"self":[{"href":"https:\/\/unikognaturlig.dk\/en\/wp-json\/wp\/v2\/product\/17307","targetHints":{"allow":["GET"]}}],"collection":[{"href":"https:\/\/unikognaturlig.dk\/en\/wp-json\/wp\/v2\/product"}],"about":[{"href":"https:\/\/unikognaturlig.dk\/en\/wp-json\/wp\/v2\/types\/product"}],"wp:featuredmedia":[{"embeddable":true,"href":"https:\/\/unikognaturlig.dk\/en\/wp-json\/wp\/v2\/media\/63078"}],"wp:attachment":[{"href":"https:\/\/unikognaturlig.dk\/en\/wp-json\/wp\/v2\/media?parent=17307"}],"wp:term":[{"taxonomy":"product_brand","embeddable":true,"href":"https:\/\/unikognaturlig.dk\/en\/wp-json\/wp\/v2\/product_brand?post=17307"},{"taxonomy":"product_cat","embeddable":true,"href":"https:\/\/unikognaturlig.dk\/en\/wp-json\/wp\/v2\/product_cat?post=17307"},{"taxonomy":"product_tag","embeddable":true,"href":"https:\/\/unikognaturlig.dk\/en\/wp-json\/wp\/v2\/product_tag?post=17307"}],"curies":[{"name":"wp","href":"https:\/\/api.w.org\/{rel}","templated":true}]}}