{"id":17389,"date":"2015-12-10T14:47:54","date_gmt":"2015-12-10T16:47:54","guid":{"rendered":"https:\/\/unikognaturlig.dk\/produktas\/linen-tea-towel-agnes-heavy-linen-pre-washed-red-stripe\/"},"modified":"2021-11-27T11:35:24","modified_gmt":"2021-11-27T10:35:24","slug":"linen-tea-towel-agnes-heavy-linen-pre-washed-red-stripe","status":"publish","type":"product","link":"https:\/\/unikognaturlig.dk\/en\/product\/linen-tea-towel-agnes-heavy-linen-pre-washed-red-stripe\/","title":{"rendered":"Linen tea towel Agnes | 100% linen"},"content":{"rendered":"<h5>Linen tea towel Agnes with woven red stripe along one side. 100%\u00a0 pre washed heavy linen<\/h5>\n<p>&nbsp;<\/p>\n","protected":false},"excerpt":{"rendered":"<h3>Linen tea towel Agnes<\/h3>\n<h4>100% pre washed heavy linen<\/h4>\n<p>Soft tea towel in pre washed heavy linen. Colour is natural undyed greyish linen colour. Woven red stripe along the one side. Good water absorbent.<\/p>\n<p>Tea towel will became even more nice the more it washed and used.<\/p>\n<p>Loop on the short side.<\/p>\n<p>Read more\u00a0\u00a0<span style=\"color: #0000ff\"><em><a style=\"color: #0000ff\" href=\"\/?page_id=18281\" target=\"_blank\" rel=\"noopener\">om h\u00f8r<\/a><\/em><\/span>.<\/p>\n<p>(price is for 1 pcs.)<\/p>\n<p>100% pre washed heavy linen<\/p>\n<p>Size: 46 x 70cm<\/p>\n<p>Machine wash at 60\u00baC<\/p>\n","protected":false},"featured_media":60029,"template":"","meta":{"_exactmetrics_skip_tracking":false,"_exactmetrics_sitenote_active":false,"_exactmetrics_sitenote_note":"","_exactmetrics_sitenote_category":0},"product_brand":[],"product_cat":[475,477],"product_tag":[577,363,377],"class_list":{"0":"post-17389","1":"product","2":"type-product","3":"status-publish","4":"has-post-thumbnail","6":"product_cat-kitchen-linen","7":"product_cat-linen-tea-towels","8":"product_tag-hostess-gift","9":"product_tag-natural","10":"product_tag-red","12":"first","13":"instock","14":"taxable","15":"shipping-taxable","16":"purchasable","17":"product-type-simple"},"yoast_head":"<!-- This site is optimized with the Yoast SEO Premium plugin v26.1 (Yoast SEO v26.1.1) - https:\/\/yoast.com\/wordpress\/plugins\/seo\/ -->\n<title>H\u00f8r viskestykker med r\u00f8de striber - Unik og Naturlig<\/title>\n<meta name=\"description\" content=\"Bl\u00f8de h\u00f8r viskestykker med r\u00f8d stribe. Kun 65 kr. Meget god sugeevne. Stort udvalg af viskestykker i vasket h\u00f8r-bomuld og 100% h\u00f8r. H\u00e5ndkl\u00e6der i vasket h\u00f8r.\" \/>\n<meta name=\"robots\" content=\"index, follow, max-snippet:-1, max-image-preview:large, max-video-preview:-1\" \/>\n<link rel=\"canonical\" href=\"https:\/\/unikognaturlig.dk\/en\/product\/linen-tea-towel-agnes-heavy-linen-pre-washed-red-stripe\/\" \/>\n<meta property=\"og:locale\" content=\"en_US\" \/>\n<meta property=\"og:type\" content=\"article\" \/>\n<meta property=\"og:title\" content=\"Linen tea towel Agnes | 100% linen\" \/>\n<meta property=\"og:description\" content=\"Bl\u00f8de h\u00f8r viskestykker med r\u00f8d stribe. Kun 65 kr. Meget god sugeevne. Stort udvalg af viskestykker i vasket h\u00f8r-bomuld og 100% h\u00f8r. H\u00e5ndkl\u00e6der i vasket h\u00f8r.\" \/>\n<meta property=\"og:url\" content=\"https:\/\/unikognaturlig.dk\/en\/product\/linen-tea-towel-agnes-heavy-linen-pre-washed-red-stripe\/\" \/>\n<meta property=\"og:site_name\" content=\"Unik og Naturlig\" \/>\n<meta property=\"article:publisher\" content=\"https:\/\/www.facebook.com\/unikognaturlig\/\" \/>\n<meta property=\"article:modified_time\" content=\"2021-11-27T10:35:24+00:00\" \/>\n<meta property=\"og:image\" content=\"https:\/\/unikognaturlig.dk\/wp-content\/uploads\/2015\/12\/hoerviskestykke-Agnes-1-750-40-2.jpg\" \/>\n\t<meta property=\"og:image:width\" content=\"750\" \/>\n\t<meta property=\"og:image:height\" content=\"750\" \/>\n\t<meta property=\"og:image:type\" content=\"image\/jpeg\" \/>\n<meta name=\"twitter:card\" content=\"summary_large_image\" \/>\n<script type=\"application\/ld+json\" class=\"yoast-schema-graph\">{\"@context\":\"https:\/\/schema.org\",\"@graph\":[{\"@type\":[\"WebPage\",\"ItemPage\"],\"@id\":\"https:\/\/unikognaturlig.dk\/en\/product\/linen-tea-towel-agnes-heavy-linen-pre-washed-red-stripe\/\",\"url\":\"https:\/\/unikognaturlig.dk\/en\/product\/linen-tea-towel-agnes-heavy-linen-pre-washed-red-stripe\/\",\"name\":\"H\u00f8r viskestykker med r\u00f8de striber - Unik og Naturlig\",\"isPartOf\":{\"@id\":\"https:\/\/unikognaturlig.dk\/en\/#website\"},\"primaryImageOfPage\":{\"@id\":\"https:\/\/unikognaturlig.dk\/en\/product\/linen-tea-towel-agnes-heavy-linen-pre-washed-red-stripe\/#primaryimage\"},\"image\":{\"@id\":\"https:\/\/unikognaturlig.dk\/en\/product\/linen-tea-towel-agnes-heavy-linen-pre-washed-red-stripe\/#primaryimage\"},\"thumbnailUrl\":\"https:\/\/unikognaturlig.dk\/wp-content\/uploads\/2015\/12\/hoerviskestykke-Agnes-1-750-40-2.jpg\",\"datePublished\":\"2015-12-10T16:47:54+00:00\",\"dateModified\":\"2021-11-27T10:35:24+00:00\",\"description\":\"Bl\u00f8de h\u00f8r viskestykker med r\u00f8d stribe. Kun 65 kr. Meget god sugeevne. Stort udvalg af viskestykker i vasket h\u00f8r-bomuld og 100% h\u00f8r. H\u00e5ndkl\u00e6der i vasket h\u00f8r.\",\"breadcrumb\":{\"@id\":\"https:\/\/unikognaturlig.dk\/en\/product\/linen-tea-towel-agnes-heavy-linen-pre-washed-red-stripe\/#breadcrumb\"},\"inLanguage\":\"en-US\",\"potentialAction\":[{\"@type\":\"ReadAction\",\"target\":[\"https:\/\/unikognaturlig.dk\/en\/product\/linen-tea-towel-agnes-heavy-linen-pre-washed-red-stripe\/\"]}]},{\"@type\":\"ImageObject\",\"inLanguage\":\"en-US\",\"@id\":\"https:\/\/unikognaturlig.dk\/en\/product\/linen-tea-towel-agnes-heavy-linen-pre-washed-red-stripe\/#primaryimage\",\"url\":\"https:\/\/unikognaturlig.dk\/wp-content\/uploads\/2015\/12\/hoerviskestykke-Agnes-1-750-40-2.jpg\",\"contentUrl\":\"https:\/\/unikognaturlig.dk\/wp-content\/uploads\/2015\/12\/hoerviskestykke-Agnes-1-750-40-2.jpg\",\"width\":750,\"height\":750,\"caption\":\"H\u00f8rviskestykke Agnes i vasket 100% h\u00f8r\"},{\"@type\":\"BreadcrumbList\",\"@id\":\"https:\/\/unikognaturlig.dk\/en\/product\/linen-tea-towel-agnes-heavy-linen-pre-washed-red-stripe\/#breadcrumb\",\"itemListElement\":[{\"@type\":\"ListItem\",\"position\":1,\"name\":\"Forside\",\"item\":\"https:\/\/unikognaturlig.dk\/en\/\"},{\"@type\":\"ListItem\",\"position\":2,\"name\":\"SHOP\",\"item\":\"https:\/\/unikognaturlig.dk\/en\/shop-2\/\"},{\"@type\":\"ListItem\",\"position\":3,\"name\":\"Linen tea towel Agnes | 100% linen\"}]},{\"@type\":\"WebSite\",\"@id\":\"https:\/\/unikognaturlig.dk\/en\/#website\",\"url\":\"https:\/\/unikognaturlig.dk\/en\/\",\"name\":\"Unik og Naturlig\",\"description\":\"Kol kas tik dar vienas WordPress tinklalapis\",\"publisher\":{\"@id\":\"https:\/\/unikognaturlig.dk\/en\/#organization\"},\"potentialAction\":[{\"@type\":\"SearchAction\",\"target\":{\"@type\":\"EntryPoint\",\"urlTemplate\":\"https:\/\/unikognaturlig.dk\/en\/?s={search_term_string}\"},\"query-input\":{\"@type\":\"PropertyValueSpecification\",\"valueRequired\":true,\"valueName\":\"search_term_string\"}}],\"inLanguage\":\"en-US\"},{\"@type\":\"Organization\",\"@id\":\"https:\/\/unikognaturlig.dk\/en\/#organization\",\"name\":\"Unik og Naturlig\",\"alternateName\":\"Unik og Naturlig\",\"url\":\"https:\/\/unikognaturlig.dk\/en\/\",\"logo\":{\"@type\":\"ImageObject\",\"inLanguage\":\"en-US\",\"@id\":\"https:\/\/unikognaturlig.dk\/en\/#\/schema\/logo\/image\/\",\"url\":\"https:\/\/unikognaturlig.dk\/wp-content\/uploads\/2025\/10\/LOGO.jpg\",\"contentUrl\":\"https:\/\/unikognaturlig.dk\/wp-content\/uploads\/2025\/10\/LOGO.jpg\",\"width\":360,\"height\":360,\"caption\":\"Unik og Naturlig\"},\"image\":{\"@id\":\"https:\/\/unikognaturlig.dk\/en\/#\/schema\/logo\/image\/\"},\"sameAs\":[\"https:\/\/www.facebook.com\/unikognaturlig\/\",\"https:\/\/dk.pinterest.com\/unikognaturlig\/\",\"https:\/\/www.instagram.com\/unikognaturlig\/\"],\"description\":\"Salg af \u00d8KO-TEX certificerede og European Flax\u2122 certificerede h\u00f8rprodukter til hjemmet. Alle vores produkter er produceret i Litauen (EU). Varer bliver afsendt fra vores lager i Danmark. Vi tilbyder dag-til-dag levering til GLS pakkeshop i Danmark. Fragt fra 39 kr. 14 dages returret.\",\"email\":\"info@unikognaturlig.dk\",\"telephone\":\"60568520\",\"legalName\":\"Unik og Naturlig\",\"foundingDate\":\"2014-07-10\",\"vatID\":\"35907033\",\"numberOfEmployees\":{\"@type\":\"QuantitativeValue\",\"minValue\":\"1\",\"maxValue\":\"10\"},\"publishingPrinciples\":\"https:\/\/unikognaturlig.dk\/persondatapolitik\/\",\"correctionsPolicy\":\"https:\/\/unikognaturlig.dk\/fortrudelse-reklamation\/\"}]}<\/script>\n<!-- \/ Yoast SEO Premium plugin. -->","yoast_head_json":{"title":"H\u00f8r viskestykker med r\u00f8de striber - Unik og Naturlig","description":"Bl\u00f8de h\u00f8r viskestykker med r\u00f8d stribe. Kun 65 kr. Meget god sugeevne. Stort udvalg af viskestykker i vasket h\u00f8r-bomuld og 100% h\u00f8r. H\u00e5ndkl\u00e6der i vasket h\u00f8r.","robots":{"index":"index","follow":"follow","max-snippet":"max-snippet:-1","max-image-preview":"max-image-preview:large","max-video-preview":"max-video-preview:-1"},"canonical":"https:\/\/unikognaturlig.dk\/en\/product\/linen-tea-towel-agnes-heavy-linen-pre-washed-red-stripe\/","og_locale":"en_US","og_type":"article","og_title":"Linen tea towel Agnes | 100% linen","og_description":"Bl\u00f8de h\u00f8r viskestykker med r\u00f8d stribe. Kun 65 kr. Meget god sugeevne. Stort udvalg af viskestykker i vasket h\u00f8r-bomuld og 100% h\u00f8r. H\u00e5ndkl\u00e6der i vasket h\u00f8r.","og_url":"https:\/\/unikognaturlig.dk\/en\/product\/linen-tea-towel-agnes-heavy-linen-pre-washed-red-stripe\/","og_site_name":"Unik og Naturlig","article_publisher":"https:\/\/www.facebook.com\/unikognaturlig\/","article_modified_time":"2021-11-27T10:35:24+00:00","og_image":[{"width":750,"height":750,"url":"https:\/\/unikognaturlig.dk\/wp-content\/uploads\/2015\/12\/hoerviskestykke-Agnes-1-750-40-2.jpg","type":"image\/jpeg"}],"twitter_card":"summary_large_image","schema":{"@context":"https:\/\/schema.org","@graph":[{"@type":["WebPage","ItemPage"],"@id":"https:\/\/unikognaturlig.dk\/en\/product\/linen-tea-towel-agnes-heavy-linen-pre-washed-red-stripe\/","url":"https:\/\/unikognaturlig.dk\/en\/product\/linen-tea-towel-agnes-heavy-linen-pre-washed-red-stripe\/","name":"H\u00f8r viskestykker med r\u00f8de striber - Unik og Naturlig","isPartOf":{"@id":"https:\/\/unikognaturlig.dk\/en\/#website"},"primaryImageOfPage":{"@id":"https:\/\/unikognaturlig.dk\/en\/product\/linen-tea-towel-agnes-heavy-linen-pre-washed-red-stripe\/#primaryimage"},"image":{"@id":"https:\/\/unikognaturlig.dk\/en\/product\/linen-tea-towel-agnes-heavy-linen-pre-washed-red-stripe\/#primaryimage"},"thumbnailUrl":"https:\/\/unikognaturlig.dk\/wp-content\/uploads\/2015\/12\/hoerviskestykke-Agnes-1-750-40-2.jpg","datePublished":"2015-12-10T16:47:54+00:00","dateModified":"2021-11-27T10:35:24+00:00","description":"Bl\u00f8de h\u00f8r viskestykker med r\u00f8d stribe. Kun 65 kr. Meget god sugeevne. Stort udvalg af viskestykker i vasket h\u00f8r-bomuld og 100% h\u00f8r. H\u00e5ndkl\u00e6der i vasket h\u00f8r.","breadcrumb":{"@id":"https:\/\/unikognaturlig.dk\/en\/product\/linen-tea-towel-agnes-heavy-linen-pre-washed-red-stripe\/#breadcrumb"},"inLanguage":"en-US","potentialAction":[{"@type":"ReadAction","target":["https:\/\/unikognaturlig.dk\/en\/product\/linen-tea-towel-agnes-heavy-linen-pre-washed-red-stripe\/"]}]},{"@type":"ImageObject","inLanguage":"en-US","@id":"https:\/\/unikognaturlig.dk\/en\/product\/linen-tea-towel-agnes-heavy-linen-pre-washed-red-stripe\/#primaryimage","url":"https:\/\/unikognaturlig.dk\/wp-content\/uploads\/2015\/12\/hoerviskestykke-Agnes-1-750-40-2.jpg","contentUrl":"https:\/\/unikognaturlig.dk\/wp-content\/uploads\/2015\/12\/hoerviskestykke-Agnes-1-750-40-2.jpg","width":750,"height":750,"caption":"H\u00f8rviskestykke Agnes i vasket 100% h\u00f8r"},{"@type":"BreadcrumbList","@id":"https:\/\/unikognaturlig.dk\/en\/product\/linen-tea-towel-agnes-heavy-linen-pre-washed-red-stripe\/#breadcrumb","itemListElement":[{"@type":"ListItem","position":1,"name":"Forside","item":"https:\/\/unikognaturlig.dk\/en\/"},{"@type":"ListItem","position":2,"name":"SHOP","item":"https:\/\/unikognaturlig.dk\/en\/shop-2\/"},{"@type":"ListItem","position":3,"name":"Linen tea towel Agnes | 100% linen"}]},{"@type":"WebSite","@id":"https:\/\/unikognaturlig.dk\/en\/#website","url":"https:\/\/unikognaturlig.dk\/en\/","name":"Unik og Naturlig","description":"Kol kas tik dar vienas WordPress tinklalapis","publisher":{"@id":"https:\/\/unikognaturlig.dk\/en\/#organization"},"potentialAction":[{"@type":"SearchAction","target":{"@type":"EntryPoint","urlTemplate":"https:\/\/unikognaturlig.dk\/en\/?s={search_term_string}"},"query-input":{"@type":"PropertyValueSpecification","valueRequired":true,"valueName":"search_term_string"}}],"inLanguage":"en-US"},{"@type":"Organization","@id":"https:\/\/unikognaturlig.dk\/en\/#organization","name":"Unik og Naturlig","alternateName":"Unik og Naturlig","url":"https:\/\/unikognaturlig.dk\/en\/","logo":{"@type":"ImageObject","inLanguage":"en-US","@id":"https:\/\/unikognaturlig.dk\/en\/#\/schema\/logo\/image\/","url":"https:\/\/unikognaturlig.dk\/wp-content\/uploads\/2025\/10\/LOGO.jpg","contentUrl":"https:\/\/unikognaturlig.dk\/wp-content\/uploads\/2025\/10\/LOGO.jpg","width":360,"height":360,"caption":"Unik og Naturlig"},"image":{"@id":"https:\/\/unikognaturlig.dk\/en\/#\/schema\/logo\/image\/"},"sameAs":["https:\/\/www.facebook.com\/unikognaturlig\/","https:\/\/dk.pinterest.com\/unikognaturlig\/","https:\/\/www.instagram.com\/unikognaturlig\/"],"description":"Salg af \u00d8KO-TEX certificerede og European Flax\u2122 certificerede h\u00f8rprodukter til hjemmet. Alle vores produkter er produceret i Litauen (EU). Varer bliver afsendt fra vores lager i Danmark. Vi tilbyder dag-til-dag levering til GLS pakkeshop i Danmark. Fragt fra 39 kr. 14 dages returret.","email":"info@unikognaturlig.dk","telephone":"60568520","legalName":"Unik og Naturlig","foundingDate":"2014-07-10","vatID":"35907033","numberOfEmployees":{"@type":"QuantitativeValue","minValue":"1","maxValue":"10"},"publishingPrinciples":"https:\/\/unikognaturlig.dk\/persondatapolitik\/","correctionsPolicy":"https:\/\/unikognaturlig.dk\/fortrudelse-reklamation\/"}]}},"_links":{"self":[{"href":"https:\/\/unikognaturlig.dk\/en\/wp-json\/wp\/v2\/product\/17389","targetHints":{"allow":["GET"]}}],"collection":[{"href":"https:\/\/unikognaturlig.dk\/en\/wp-json\/wp\/v2\/product"}],"about":[{"href":"https:\/\/unikognaturlig.dk\/en\/wp-json\/wp\/v2\/types\/product"}],"wp:featuredmedia":[{"embeddable":true,"href":"https:\/\/unikognaturlig.dk\/en\/wp-json\/wp\/v2\/media\/60029"}],"wp:attachment":[{"href":"https:\/\/unikognaturlig.dk\/en\/wp-json\/wp\/v2\/media?parent=17389"}],"wp:term":[{"taxonomy":"product_brand","embeddable":true,"href":"https:\/\/unikognaturlig.dk\/en\/wp-json\/wp\/v2\/product_brand?post=17389"},{"taxonomy":"product_cat","embeddable":true,"href":"https:\/\/unikognaturlig.dk\/en\/wp-json\/wp\/v2\/product_cat?post=17389"},{"taxonomy":"product_tag","embeddable":true,"href":"https:\/\/unikognaturlig.dk\/en\/wp-json\/wp\/v2\/product_tag?post=17389"}],"curies":[{"name":"wp","href":"https:\/\/api.w.org\/{rel}","templated":true}]}}