{"id":18273,"date":"2015-08-03T22:10:11","date_gmt":"2015-08-03T21:10:11","guid":{"rendered":"https:\/\/unikognaturlig.dk\/produktas\/linen-bedspread-memory-light-grey-260-x-260-240-160\/"},"modified":"2020-09-06T17:49:40","modified_gmt":"2020-09-06T16:49:40","slug":"linen-bedspread-memory-light-grey-260-240-160","status":"publish","type":"product","link":"https:\/\/unikognaturlig.dk\/en\/product\/linen-bedspread-memory-light-grey-260-240-160\/","title":{"rendered":"Linen bedspread Memory | Light grey"},"content":{"rendered":"<h5>Linen bedspread Memory Light Grey with a pattern of lace. 100% washed linen<\/h5>\n<h5>Sizes:\u00a0260 x 260 cm, 240 x 240 cm, 160 x 260 cm<\/h5>\n","protected":false},"excerpt":{"rendered":"<h3>Linen bedspread Memory | Light Grey<\/h3>\n<h4>100% linen (pre-washed)<\/h4>\n<h5>different sizes<\/h5>\n<p>(If you can&#8217;t find a size that fits your bed, please contact us &#8211; more sizes can be made after order)<\/p>\n<p>Luxury bedspread in washed linen weaved in a lace pattern. To weave a lace pattern is an old weaving technique that was used only for the finest linen in the old days. Not everyone could weave lace pattern, and the pattern itself could only come to its best expression when the fabric had been washed.<\/p>\n<p>This luxury bedspread is a great combination of old weaving traditions and new modern trends. The rug is woven of linen yarn in light grey color with a touch of ice-blue. It&#8217;s a very nice grey color, which has many options of combination and will work both simply and exclusively. The color match perfectly with our <a href=\"https:\/\/unikognaturlig.dk\/en\/produktas\/washed-linen-bed-set-nordic-light-grey-200-220\/\" target=\"_blank\" rel=\"noopener\"><span style=\"color: #0000ff;\"><em>Nordic Grey linen bed set<\/em><\/span><\/a>.<\/p>\n<p>The bed blanket is light, soft and airy, so the bedding can still &#8216;breathe&#8217; under it.<\/p>\n<hr \/>\n<p>100% washed linen<\/p>\n<p>Machine Washable at 60\u00ba C\u00a0, can be tumble dried<\/p>\n<p>Produced in EU<\/p>\n","protected":false},"featured_media":59091,"template":"","meta":{"_exactmetrics_skip_tracking":false,"_exactmetrics_sitenote_active":false,"_exactmetrics_sitenote_note":"","_exactmetrics_sitenote_category":0},"product_brand":[],"product_cat":[479,482],"product_tag":[529],"class_list":{"0":"post-18273","1":"product","2":"type-product","3":"status-publish","4":"has-post-thumbnail","6":"product_cat-bed-linen","7":"product_cat-linen-bed-covers","8":"product_tag-bluish-grey","10":"first","11":"instock","12":"taxable","13":"shipping-taxable","14":"purchasable","15":"product-type-variable"},"yoast_head":"<!-- This site is optimized with the Yoast SEO Premium plugin v26.1 (Yoast SEO v26.1.1) - https:\/\/yoast.com\/wordpress\/plugins\/seo\/ -->\n<title>Linen bedspread Memory | Light grey - Unik og Naturlig<\/title>\n<meta name=\"description\" content=\"Senget\u00e6ppe i h\u00f8r med kniplingem\u00f8nster. Let og luftig h\u00f8rsenget\u00e6ppe. Flotte nordiske farver. 260x260, 240x240, 160x260. Produceret i EU. Gratis fragt.\" \/>\n<meta name=\"robots\" content=\"index, follow, max-snippet:-1, max-image-preview:large, max-video-preview:-1\" \/>\n<link rel=\"canonical\" href=\"https:\/\/unikognaturlig.dk\/en\/product\/linen-bedspread-memory-light-grey-260-240-160\/\" \/>\n<meta property=\"og:locale\" content=\"en_US\" \/>\n<meta property=\"og:type\" content=\"article\" \/>\n<meta property=\"og:title\" content=\"Linen bedspread Memory | Light grey\" \/>\n<meta property=\"og:description\" content=\"Senget\u00e6ppe i h\u00f8r med kniplingem\u00f8nster. Let og luftig h\u00f8rsenget\u00e6ppe. Flotte nordiske farver. 260x260, 240x240, 160x260. Produceret i EU. Gratis fragt.\" \/>\n<meta property=\"og:url\" content=\"https:\/\/unikognaturlig.dk\/en\/product\/linen-bedspread-memory-light-grey-260-240-160\/\" \/>\n<meta property=\"og:site_name\" content=\"Unik og Naturlig\" \/>\n<meta property=\"article:publisher\" content=\"https:\/\/www.facebook.com\/unikognaturlig\/\" \/>\n<meta property=\"article:modified_time\" content=\"2020-09-06T16:49:40+00:00\" \/>\n<meta property=\"og:image\" content=\"https:\/\/unikognaturlig.dk\/wp-content\/uploads\/2015\/08\/sengetaeppe-hoer-lysegraa-Memory-4-30-1.jpg\" \/>\n\t<meta property=\"og:image:width\" content=\"650\" \/>\n\t<meta property=\"og:image:height\" content=\"650\" \/>\n\t<meta property=\"og:image:type\" content=\"image\/jpeg\" \/>\n<meta name=\"twitter:card\" content=\"summary_large_image\" \/>\n<script type=\"application\/ld+json\" class=\"yoast-schema-graph\">{\"@context\":\"https:\/\/schema.org\",\"@graph\":[{\"@type\":[\"WebPage\",\"ItemPage\"],\"@id\":\"https:\/\/unikognaturlig.dk\/en\/product\/linen-bedspread-memory-light-grey-260-240-160\/\",\"url\":\"https:\/\/unikognaturlig.dk\/en\/product\/linen-bedspread-memory-light-grey-260-240-160\/\",\"name\":\"Linen bedspread Memory | Light grey - Unik og Naturlig\",\"isPartOf\":{\"@id\":\"https:\/\/unikognaturlig.dk\/en\/#website\"},\"primaryImageOfPage\":{\"@id\":\"https:\/\/unikognaturlig.dk\/en\/product\/linen-bedspread-memory-light-grey-260-240-160\/#primaryimage\"},\"image\":{\"@id\":\"https:\/\/unikognaturlig.dk\/en\/product\/linen-bedspread-memory-light-grey-260-240-160\/#primaryimage\"},\"thumbnailUrl\":\"https:\/\/unikognaturlig.dk\/wp-content\/uploads\/2015\/08\/sengetaeppe-hoer-lysegraa-Memory-4-30-1.jpg\",\"datePublished\":\"2015-08-03T21:10:11+00:00\",\"dateModified\":\"2020-09-06T16:49:40+00:00\",\"description\":\"Senget\u00e6ppe i h\u00f8r med kniplingem\u00f8nster. Let og luftig h\u00f8rsenget\u00e6ppe. Flotte nordiske farver. 260x260, 240x240, 160x260. Produceret i EU. Gratis fragt.\",\"breadcrumb\":{\"@id\":\"https:\/\/unikognaturlig.dk\/en\/product\/linen-bedspread-memory-light-grey-260-240-160\/#breadcrumb\"},\"inLanguage\":\"en-US\",\"potentialAction\":[{\"@type\":\"ReadAction\",\"target\":[\"https:\/\/unikognaturlig.dk\/en\/product\/linen-bedspread-memory-light-grey-260-240-160\/\"]}]},{\"@type\":\"ImageObject\",\"inLanguage\":\"en-US\",\"@id\":\"https:\/\/unikognaturlig.dk\/en\/product\/linen-bedspread-memory-light-grey-260-240-160\/#primaryimage\",\"url\":\"https:\/\/unikognaturlig.dk\/wp-content\/uploads\/2015\/08\/sengetaeppe-hoer-lysegraa-Memory-4-30-1.jpg\",\"contentUrl\":\"https:\/\/unikognaturlig.dk\/wp-content\/uploads\/2015\/08\/sengetaeppe-hoer-lysegraa-Memory-4-30-1.jpg\",\"width\":650,\"height\":650,\"caption\":\"Senget\u00e6ppe h\u00f8r Memory | lysegr\u00e5 i vasket 100% h\u00f8r\"},{\"@type\":\"BreadcrumbList\",\"@id\":\"https:\/\/unikognaturlig.dk\/en\/product\/linen-bedspread-memory-light-grey-260-240-160\/#breadcrumb\",\"itemListElement\":[{\"@type\":\"ListItem\",\"position\":1,\"name\":\"Forside\",\"item\":\"https:\/\/unikognaturlig.dk\/en\/\"},{\"@type\":\"ListItem\",\"position\":2,\"name\":\"SHOP\",\"item\":\"https:\/\/unikognaturlig.dk\/en\/shop-2\/\"},{\"@type\":\"ListItem\",\"position\":3,\"name\":\"Linen bedspread Memory | Light grey\"}]},{\"@type\":\"WebSite\",\"@id\":\"https:\/\/unikognaturlig.dk\/en\/#website\",\"url\":\"https:\/\/unikognaturlig.dk\/en\/\",\"name\":\"Unik og Naturlig\",\"description\":\"Kol kas tik dar vienas WordPress tinklalapis\",\"publisher\":{\"@id\":\"https:\/\/unikognaturlig.dk\/en\/#organization\"},\"potentialAction\":[{\"@type\":\"SearchAction\",\"target\":{\"@type\":\"EntryPoint\",\"urlTemplate\":\"https:\/\/unikognaturlig.dk\/en\/?s={search_term_string}\"},\"query-input\":{\"@type\":\"PropertyValueSpecification\",\"valueRequired\":true,\"valueName\":\"search_term_string\"}}],\"inLanguage\":\"en-US\"},{\"@type\":\"Organization\",\"@id\":\"https:\/\/unikognaturlig.dk\/en\/#organization\",\"name\":\"Unik og Naturlig\",\"alternateName\":\"Unik og Naturlig\",\"url\":\"https:\/\/unikognaturlig.dk\/en\/\",\"logo\":{\"@type\":\"ImageObject\",\"inLanguage\":\"en-US\",\"@id\":\"https:\/\/unikognaturlig.dk\/en\/#\/schema\/logo\/image\/\",\"url\":\"https:\/\/unikognaturlig.dk\/wp-content\/uploads\/2025\/10\/LOGO.jpg\",\"contentUrl\":\"https:\/\/unikognaturlig.dk\/wp-content\/uploads\/2025\/10\/LOGO.jpg\",\"width\":360,\"height\":360,\"caption\":\"Unik og Naturlig\"},\"image\":{\"@id\":\"https:\/\/unikognaturlig.dk\/en\/#\/schema\/logo\/image\/\"},\"sameAs\":[\"https:\/\/www.facebook.com\/unikognaturlig\/\",\"https:\/\/dk.pinterest.com\/unikognaturlig\/\",\"https:\/\/www.instagram.com\/unikognaturlig\/\"],\"description\":\"Salg af \u00d8KO-TEX certificerede og European Flax\u2122 certificerede h\u00f8rprodukter til hjemmet. Alle vores produkter er produceret i Litauen (EU). Varer bliver afsendt fra vores lager i Danmark. Vi tilbyder dag-til-dag levering til GLS pakkeshop i Danmark. Fragt fra 39 kr. 14 dages returret.\",\"email\":\"info@unikognaturlig.dk\",\"telephone\":\"60568520\",\"legalName\":\"Unik og Naturlig\",\"foundingDate\":\"2014-07-10\",\"vatID\":\"35907033\",\"numberOfEmployees\":{\"@type\":\"QuantitativeValue\",\"minValue\":\"1\",\"maxValue\":\"10\"},\"publishingPrinciples\":\"https:\/\/unikognaturlig.dk\/persondatapolitik\/\",\"correctionsPolicy\":\"https:\/\/unikognaturlig.dk\/fortrudelse-reklamation\/\"}]}<\/script>\n<!-- \/ Yoast SEO Premium plugin. -->","yoast_head_json":{"title":"Linen bedspread Memory | Light grey - Unik og Naturlig","description":"Senget\u00e6ppe i h\u00f8r med kniplingem\u00f8nster. Let og luftig h\u00f8rsenget\u00e6ppe. Flotte nordiske farver. 260x260, 240x240, 160x260. Produceret i EU. Gratis fragt.","robots":{"index":"index","follow":"follow","max-snippet":"max-snippet:-1","max-image-preview":"max-image-preview:large","max-video-preview":"max-video-preview:-1"},"canonical":"https:\/\/unikognaturlig.dk\/en\/product\/linen-bedspread-memory-light-grey-260-240-160\/","og_locale":"en_US","og_type":"article","og_title":"Linen bedspread Memory | Light grey","og_description":"Senget\u00e6ppe i h\u00f8r med kniplingem\u00f8nster. Let og luftig h\u00f8rsenget\u00e6ppe. Flotte nordiske farver. 260x260, 240x240, 160x260. Produceret i EU. Gratis fragt.","og_url":"https:\/\/unikognaturlig.dk\/en\/product\/linen-bedspread-memory-light-grey-260-240-160\/","og_site_name":"Unik og Naturlig","article_publisher":"https:\/\/www.facebook.com\/unikognaturlig\/","article_modified_time":"2020-09-06T16:49:40+00:00","og_image":[{"width":650,"height":650,"url":"https:\/\/unikognaturlig.dk\/wp-content\/uploads\/2015\/08\/sengetaeppe-hoer-lysegraa-Memory-4-30-1.jpg","type":"image\/jpeg"}],"twitter_card":"summary_large_image","schema":{"@context":"https:\/\/schema.org","@graph":[{"@type":["WebPage","ItemPage"],"@id":"https:\/\/unikognaturlig.dk\/en\/product\/linen-bedspread-memory-light-grey-260-240-160\/","url":"https:\/\/unikognaturlig.dk\/en\/product\/linen-bedspread-memory-light-grey-260-240-160\/","name":"Linen bedspread Memory | Light grey - Unik og Naturlig","isPartOf":{"@id":"https:\/\/unikognaturlig.dk\/en\/#website"},"primaryImageOfPage":{"@id":"https:\/\/unikognaturlig.dk\/en\/product\/linen-bedspread-memory-light-grey-260-240-160\/#primaryimage"},"image":{"@id":"https:\/\/unikognaturlig.dk\/en\/product\/linen-bedspread-memory-light-grey-260-240-160\/#primaryimage"},"thumbnailUrl":"https:\/\/unikognaturlig.dk\/wp-content\/uploads\/2015\/08\/sengetaeppe-hoer-lysegraa-Memory-4-30-1.jpg","datePublished":"2015-08-03T21:10:11+00:00","dateModified":"2020-09-06T16:49:40+00:00","description":"Senget\u00e6ppe i h\u00f8r med kniplingem\u00f8nster. Let og luftig h\u00f8rsenget\u00e6ppe. Flotte nordiske farver. 260x260, 240x240, 160x260. Produceret i EU. Gratis fragt.","breadcrumb":{"@id":"https:\/\/unikognaturlig.dk\/en\/product\/linen-bedspread-memory-light-grey-260-240-160\/#breadcrumb"},"inLanguage":"en-US","potentialAction":[{"@type":"ReadAction","target":["https:\/\/unikognaturlig.dk\/en\/product\/linen-bedspread-memory-light-grey-260-240-160\/"]}]},{"@type":"ImageObject","inLanguage":"en-US","@id":"https:\/\/unikognaturlig.dk\/en\/product\/linen-bedspread-memory-light-grey-260-240-160\/#primaryimage","url":"https:\/\/unikognaturlig.dk\/wp-content\/uploads\/2015\/08\/sengetaeppe-hoer-lysegraa-Memory-4-30-1.jpg","contentUrl":"https:\/\/unikognaturlig.dk\/wp-content\/uploads\/2015\/08\/sengetaeppe-hoer-lysegraa-Memory-4-30-1.jpg","width":650,"height":650,"caption":"Senget\u00e6ppe h\u00f8r Memory | lysegr\u00e5 i vasket 100% h\u00f8r"},{"@type":"BreadcrumbList","@id":"https:\/\/unikognaturlig.dk\/en\/product\/linen-bedspread-memory-light-grey-260-240-160\/#breadcrumb","itemListElement":[{"@type":"ListItem","position":1,"name":"Forside","item":"https:\/\/unikognaturlig.dk\/en\/"},{"@type":"ListItem","position":2,"name":"SHOP","item":"https:\/\/unikognaturlig.dk\/en\/shop-2\/"},{"@type":"ListItem","position":3,"name":"Linen bedspread Memory | Light grey"}]},{"@type":"WebSite","@id":"https:\/\/unikognaturlig.dk\/en\/#website","url":"https:\/\/unikognaturlig.dk\/en\/","name":"Unik og Naturlig","description":"Kol kas tik dar vienas WordPress tinklalapis","publisher":{"@id":"https:\/\/unikognaturlig.dk\/en\/#organization"},"potentialAction":[{"@type":"SearchAction","target":{"@type":"EntryPoint","urlTemplate":"https:\/\/unikognaturlig.dk\/en\/?s={search_term_string}"},"query-input":{"@type":"PropertyValueSpecification","valueRequired":true,"valueName":"search_term_string"}}],"inLanguage":"en-US"},{"@type":"Organization","@id":"https:\/\/unikognaturlig.dk\/en\/#organization","name":"Unik og Naturlig","alternateName":"Unik og Naturlig","url":"https:\/\/unikognaturlig.dk\/en\/","logo":{"@type":"ImageObject","inLanguage":"en-US","@id":"https:\/\/unikognaturlig.dk\/en\/#\/schema\/logo\/image\/","url":"https:\/\/unikognaturlig.dk\/wp-content\/uploads\/2025\/10\/LOGO.jpg","contentUrl":"https:\/\/unikognaturlig.dk\/wp-content\/uploads\/2025\/10\/LOGO.jpg","width":360,"height":360,"caption":"Unik og Naturlig"},"image":{"@id":"https:\/\/unikognaturlig.dk\/en\/#\/schema\/logo\/image\/"},"sameAs":["https:\/\/www.facebook.com\/unikognaturlig\/","https:\/\/dk.pinterest.com\/unikognaturlig\/","https:\/\/www.instagram.com\/unikognaturlig\/"],"description":"Salg af \u00d8KO-TEX certificerede og European Flax\u2122 certificerede h\u00f8rprodukter til hjemmet. Alle vores produkter er produceret i Litauen (EU). Varer bliver afsendt fra vores lager i Danmark. Vi tilbyder dag-til-dag levering til GLS pakkeshop i Danmark. Fragt fra 39 kr. 14 dages returret.","email":"info@unikognaturlig.dk","telephone":"60568520","legalName":"Unik og Naturlig","foundingDate":"2014-07-10","vatID":"35907033","numberOfEmployees":{"@type":"QuantitativeValue","minValue":"1","maxValue":"10"},"publishingPrinciples":"https:\/\/unikognaturlig.dk\/persondatapolitik\/","correctionsPolicy":"https:\/\/unikognaturlig.dk\/fortrudelse-reklamation\/"}]}},"_links":{"self":[{"href":"https:\/\/unikognaturlig.dk\/en\/wp-json\/wp\/v2\/product\/18273","targetHints":{"allow":["GET"]}}],"collection":[{"href":"https:\/\/unikognaturlig.dk\/en\/wp-json\/wp\/v2\/product"}],"about":[{"href":"https:\/\/unikognaturlig.dk\/en\/wp-json\/wp\/v2\/types\/product"}],"wp:featuredmedia":[{"embeddable":true,"href":"https:\/\/unikognaturlig.dk\/en\/wp-json\/wp\/v2\/media\/59091"}],"wp:attachment":[{"href":"https:\/\/unikognaturlig.dk\/en\/wp-json\/wp\/v2\/media?parent=18273"}],"wp:term":[{"taxonomy":"product_brand","embeddable":true,"href":"https:\/\/unikognaturlig.dk\/en\/wp-json\/wp\/v2\/product_brand?post=18273"},{"taxonomy":"product_cat","embeddable":true,"href":"https:\/\/unikognaturlig.dk\/en\/wp-json\/wp\/v2\/product_cat?post=18273"},{"taxonomy":"product_tag","embeddable":true,"href":"https:\/\/unikognaturlig.dk\/en\/wp-json\/wp\/v2\/product_tag?post=18273"}],"curies":[{"name":"wp","href":"https:\/\/api.w.org\/{rel}","templated":true}]}}