{"id":64405,"date":"2024-11-24T22:20:30","date_gmt":"2024-11-24T21:20:30","guid":{"rendered":"https:\/\/unikognaturlig.dk\/product\/linen-bread-bag-checked-green\/"},"modified":"2024-11-25T22:14:51","modified_gmt":"2024-11-25T21:14:51","slug":"linen-bread-bag-checked-green","status":"publish","type":"product","link":"https:\/\/unikognaturlig.dk\/en\/product\/linen-bread-bag-checked-green\/","title":{"rendered":"Linen bread bag | checked green"},"content":{"rendered":"<div class=\"wpb-content-wrapper\"><p>[vc_row][vc_column width=&#8221;2\/3&#8243;][vc_column_text css=&#8221;&#8221; woodmart_inline=&#8221;no&#8221; text_larger=&#8221;no&#8221;]<\/p>\n<h1>Linen bread bag | checked green<\/h1>\n<p>You may be wondering how best to store bread to keep it fresh. A linen bread bag is a great option. Linen has antiseptic properties, meaning that bacteria cannot grow on it. It is therefore ideal for storing food. Bread stored in a bread bag will retain its crispy crust. The tightly woven linen bag will also ensure that bread does not become dry, as is the case with storage in paper bags. If you want to store the bread for a longer period of time, it is optimal to put it in a linen bread bag first and then in a bread box.<\/p>\n<p>The bread bag is closed by pulling two strings.<\/p>\n<p>The size 20 x 40 cm corresponds to a 5 l bag, 30 x 50 corresponds to an 8 l bag.[\/vc_column_text][\/vc_column][vc_column width=&#8221;1\/3&#8243;][vc_column_text css=&#8221;&#8221; woodmart_inline=&#8221;no&#8221; text_larger=&#8221;no&#8221;]<\/p>\n<h2>Aditional info<\/h2>\n<p>100% linen (pre-washed)<\/p>\n<p>Sizes: 20 x 40 cm og 30 x 50 cm<\/p>\n<p>Color: checked green<\/p>\n<p>\u00d8KO-TEX certified according to 100 (23.HLT.60528)<\/p>\n<p>European Flax\u2122 certified<\/p>\n<p>Made in Lithuania (EU)[\/vc_column_text][\/vc_column][\/vc_row]<\/p>\n<\/div>","protected":false},"excerpt":{"rendered":"<h5>100% linen (pre-washed)<\/h5>\n<p>&nbsp;<\/p>\n","protected":false},"featured_media":64390,"template":"","meta":{"_exactmetrics_skip_tracking":false,"_exactmetrics_sitenote_active":false,"_exactmetrics_sitenote_note":"","_exactmetrics_sitenote_category":0},"product_brand":[],"product_cat":[645,475],"product_tag":[577],"class_list":{"0":"post-64405","1":"product","2":"type-product","3":"status-publish","4":"has-post-thumbnail","6":"product_cat-linen-bread-bags","7":"product_cat-kitchen-linen","8":"product_tag-hostess-gift","10":"first","11":"instock","12":"taxable","13":"shipping-taxable","14":"purchasable","15":"product-type-variable"},"yoast_head":"<!-- This site is optimized with the Yoast SEO Premium plugin v26.1 (Yoast SEO v26.1.1) - https:\/\/yoast.com\/wordpress\/plugins\/seo\/ -->\n<title>H\u00f8r br\u00f8dpose til opbevaring af medvarer - Unik og Naturlig<\/title>\n<meta name=\"description\" content=\"K\u00f8b h\u00f8r br\u00f8dpose i t\u00e6tv\u00e6vet vasket h\u00f8r. H\u00f8r br\u00f8dpose i flere st\u00f8rrelser. Stort udvalg af h\u00f8rviskestykker. \u00d8ko-tex. Produceret i EU.\" \/>\n<meta name=\"robots\" content=\"index, follow, max-snippet:-1, max-image-preview:large, max-video-preview:-1\" \/>\n<link rel=\"canonical\" href=\"https:\/\/unikognaturlig.dk\/en\/product\/linen-bread-bag-checked-green\/\" \/>\n<meta property=\"og:locale\" content=\"en_US\" \/>\n<meta property=\"og:type\" content=\"article\" \/>\n<meta property=\"og:title\" content=\"Linen bread bag | checked green\" \/>\n<meta property=\"og:description\" content=\"H\u00f8r br\u00f8dpose i vasket h\u00f8r vil bevare br\u00f8dets spr\u00f8de skorpe. T\u00e6tv\u00e6vet h\u00f8rpose vil ogs\u00e5 s\u00f8rge for, at der ikke vil fordampe for meget v\u00e6ske af br\u00f8det, s\u00e5 det ikke bliver t\u00f8rt.\" \/>\n<meta property=\"og:url\" content=\"https:\/\/unikognaturlig.dk\/en\/product\/linen-bread-bag-checked-green\/\" \/>\n<meta property=\"og:site_name\" content=\"Unik og Naturlig\" \/>\n<meta property=\"article:publisher\" content=\"https:\/\/www.facebook.com\/unikognaturlig\/\" \/>\n<meta property=\"article:modified_time\" content=\"2024-11-25T21:14:51+00:00\" \/>\n<meta property=\"og:image\" content=\"https:\/\/unikognaturlig.dk\/wp-content\/uploads\/2024\/11\/broedpose-hoer-groen-ternet-1-1000-5.jpg\" \/>\n\t<meta property=\"og:image:width\" content=\"1000\" \/>\n\t<meta property=\"og:image:height\" content=\"1000\" \/>\n\t<meta property=\"og:image:type\" content=\"image\/jpeg\" \/>\n<meta name=\"twitter:card\" content=\"summary_large_image\" \/>\n<meta name=\"twitter:label1\" content=\"Est. reading time\" \/>\n\t<meta name=\"twitter:data1\" content=\"1 minute\" \/>\n<script type=\"application\/ld+json\" class=\"yoast-schema-graph\">{\"@context\":\"https:\/\/schema.org\",\"@graph\":[{\"@type\":[\"WebPage\",\"ItemPage\"],\"@id\":\"https:\/\/unikognaturlig.dk\/en\/product\/linen-bread-bag-checked-green\/\",\"url\":\"https:\/\/unikognaturlig.dk\/en\/product\/linen-bread-bag-checked-green\/\",\"name\":\"H\u00f8r br\u00f8dpose til opbevaring af medvarer - Unik og Naturlig\",\"isPartOf\":{\"@id\":\"https:\/\/unikognaturlig.dk\/en\/#website\"},\"primaryImageOfPage\":{\"@id\":\"https:\/\/unikognaturlig.dk\/en\/product\/linen-bread-bag-checked-green\/#primaryimage\"},\"image\":{\"@id\":\"https:\/\/unikognaturlig.dk\/en\/product\/linen-bread-bag-checked-green\/#primaryimage\"},\"thumbnailUrl\":\"https:\/\/unikognaturlig.dk\/wp-content\/uploads\/2024\/11\/broedpose-hoer-groen-ternet-1-1000-5.jpg\",\"datePublished\":\"2024-11-24T21:20:30+00:00\",\"dateModified\":\"2024-11-25T21:14:51+00:00\",\"description\":\"K\u00f8b h\u00f8r br\u00f8dpose i t\u00e6tv\u00e6vet vasket h\u00f8r. H\u00f8r br\u00f8dpose i flere st\u00f8rrelser. Stort udvalg af h\u00f8rviskestykker. \u00d8ko-tex. Produceret i EU.\",\"breadcrumb\":{\"@id\":\"https:\/\/unikognaturlig.dk\/en\/product\/linen-bread-bag-checked-green\/#breadcrumb\"},\"inLanguage\":\"en-US\",\"potentialAction\":[{\"@type\":\"ReadAction\",\"target\":[\"https:\/\/unikognaturlig.dk\/en\/product\/linen-bread-bag-checked-green\/\"]}]},{\"@type\":\"ImageObject\",\"inLanguage\":\"en-US\",\"@id\":\"https:\/\/unikognaturlig.dk\/en\/product\/linen-bread-bag-checked-green\/#primaryimage\",\"url\":\"https:\/\/unikognaturlig.dk\/wp-content\/uploads\/2024\/11\/broedpose-hoer-groen-ternet-1-1000-5.jpg\",\"contentUrl\":\"https:\/\/unikognaturlig.dk\/wp-content\/uploads\/2024\/11\/broedpose-hoer-groen-ternet-1-1000-5.jpg\",\"width\":1000,\"height\":1000,\"caption\":\"linen bread bag | cheked green\"},{\"@type\":\"BreadcrumbList\",\"@id\":\"https:\/\/unikognaturlig.dk\/en\/product\/linen-bread-bag-checked-green\/#breadcrumb\",\"itemListElement\":[{\"@type\":\"ListItem\",\"position\":1,\"name\":\"Forside\",\"item\":\"https:\/\/unikognaturlig.dk\/en\/\"},{\"@type\":\"ListItem\",\"position\":2,\"name\":\"SHOP\",\"item\":\"https:\/\/unikognaturlig.dk\/en\/shop-2\/\"},{\"@type\":\"ListItem\",\"position\":3,\"name\":\"Linen bread bag | checked green\"}]},{\"@type\":\"WebSite\",\"@id\":\"https:\/\/unikognaturlig.dk\/en\/#website\",\"url\":\"https:\/\/unikognaturlig.dk\/en\/\",\"name\":\"Unik og Naturlig\",\"description\":\"Kol kas tik dar vienas WordPress tinklalapis\",\"publisher\":{\"@id\":\"https:\/\/unikognaturlig.dk\/en\/#organization\"},\"potentialAction\":[{\"@type\":\"SearchAction\",\"target\":{\"@type\":\"EntryPoint\",\"urlTemplate\":\"https:\/\/unikognaturlig.dk\/en\/?s={search_term_string}\"},\"query-input\":{\"@type\":\"PropertyValueSpecification\",\"valueRequired\":true,\"valueName\":\"search_term_string\"}}],\"inLanguage\":\"en-US\"},{\"@type\":\"Organization\",\"@id\":\"https:\/\/unikognaturlig.dk\/en\/#organization\",\"name\":\"Unik og Naturlig\",\"alternateName\":\"Unik og Naturlig\",\"url\":\"https:\/\/unikognaturlig.dk\/en\/\",\"logo\":{\"@type\":\"ImageObject\",\"inLanguage\":\"en-US\",\"@id\":\"https:\/\/unikognaturlig.dk\/en\/#\/schema\/logo\/image\/\",\"url\":\"https:\/\/unikognaturlig.dk\/wp-content\/uploads\/2025\/10\/LOGO.jpg\",\"contentUrl\":\"https:\/\/unikognaturlig.dk\/wp-content\/uploads\/2025\/10\/LOGO.jpg\",\"width\":360,\"height\":360,\"caption\":\"Unik og Naturlig\"},\"image\":{\"@id\":\"https:\/\/unikognaturlig.dk\/en\/#\/schema\/logo\/image\/\"},\"sameAs\":[\"https:\/\/www.facebook.com\/unikognaturlig\/\",\"https:\/\/dk.pinterest.com\/unikognaturlig\/\",\"https:\/\/www.instagram.com\/unikognaturlig\/\"],\"description\":\"Salg af \u00d8KO-TEX certificerede og European Flax\u2122 certificerede h\u00f8rprodukter til hjemmet. Alle vores produkter er produceret i Litauen (EU). Varer bliver afsendt fra vores lager i Danmark. Vi tilbyder dag-til-dag levering til GLS pakkeshop i Danmark. Fragt fra 39 kr. 14 dages returret.\",\"email\":\"info@unikognaturlig.dk\",\"telephone\":\"60568520\",\"legalName\":\"Unik og Naturlig\",\"foundingDate\":\"2014-07-10\",\"vatID\":\"35907033\",\"numberOfEmployees\":{\"@type\":\"QuantitativeValue\",\"minValue\":\"1\",\"maxValue\":\"10\"},\"publishingPrinciples\":\"https:\/\/unikognaturlig.dk\/persondatapolitik\/\",\"correctionsPolicy\":\"https:\/\/unikognaturlig.dk\/fortrudelse-reklamation\/\"}]}<\/script>\n<!-- \/ Yoast SEO Premium plugin. -->","yoast_head_json":{"title":"H\u00f8r br\u00f8dpose til opbevaring af medvarer - Unik og Naturlig","description":"K\u00f8b h\u00f8r br\u00f8dpose i t\u00e6tv\u00e6vet vasket h\u00f8r. H\u00f8r br\u00f8dpose i flere st\u00f8rrelser. Stort udvalg af h\u00f8rviskestykker. \u00d8ko-tex. Produceret i EU.","robots":{"index":"index","follow":"follow","max-snippet":"max-snippet:-1","max-image-preview":"max-image-preview:large","max-video-preview":"max-video-preview:-1"},"canonical":"https:\/\/unikognaturlig.dk\/en\/product\/linen-bread-bag-checked-green\/","og_locale":"en_US","og_type":"article","og_title":"Linen bread bag | checked green","og_description":"H\u00f8r br\u00f8dpose i vasket h\u00f8r vil bevare br\u00f8dets spr\u00f8de skorpe. T\u00e6tv\u00e6vet h\u00f8rpose vil ogs\u00e5 s\u00f8rge for, at der ikke vil fordampe for meget v\u00e6ske af br\u00f8det, s\u00e5 det ikke bliver t\u00f8rt.","og_url":"https:\/\/unikognaturlig.dk\/en\/product\/linen-bread-bag-checked-green\/","og_site_name":"Unik og Naturlig","article_publisher":"https:\/\/www.facebook.com\/unikognaturlig\/","article_modified_time":"2024-11-25T21:14:51+00:00","og_image":[{"width":1000,"height":1000,"url":"https:\/\/unikognaturlig.dk\/wp-content\/uploads\/2024\/11\/broedpose-hoer-groen-ternet-1-1000-5.jpg","type":"image\/jpeg"}],"twitter_card":"summary_large_image","twitter_misc":{"Est. reading time":"1 minute"},"schema":{"@context":"https:\/\/schema.org","@graph":[{"@type":["WebPage","ItemPage"],"@id":"https:\/\/unikognaturlig.dk\/en\/product\/linen-bread-bag-checked-green\/","url":"https:\/\/unikognaturlig.dk\/en\/product\/linen-bread-bag-checked-green\/","name":"H\u00f8r br\u00f8dpose til opbevaring af medvarer - Unik og Naturlig","isPartOf":{"@id":"https:\/\/unikognaturlig.dk\/en\/#website"},"primaryImageOfPage":{"@id":"https:\/\/unikognaturlig.dk\/en\/product\/linen-bread-bag-checked-green\/#primaryimage"},"image":{"@id":"https:\/\/unikognaturlig.dk\/en\/product\/linen-bread-bag-checked-green\/#primaryimage"},"thumbnailUrl":"https:\/\/unikognaturlig.dk\/wp-content\/uploads\/2024\/11\/broedpose-hoer-groen-ternet-1-1000-5.jpg","datePublished":"2024-11-24T21:20:30+00:00","dateModified":"2024-11-25T21:14:51+00:00","description":"K\u00f8b h\u00f8r br\u00f8dpose i t\u00e6tv\u00e6vet vasket h\u00f8r. H\u00f8r br\u00f8dpose i flere st\u00f8rrelser. Stort udvalg af h\u00f8rviskestykker. \u00d8ko-tex. Produceret i EU.","breadcrumb":{"@id":"https:\/\/unikognaturlig.dk\/en\/product\/linen-bread-bag-checked-green\/#breadcrumb"},"inLanguage":"en-US","potentialAction":[{"@type":"ReadAction","target":["https:\/\/unikognaturlig.dk\/en\/product\/linen-bread-bag-checked-green\/"]}]},{"@type":"ImageObject","inLanguage":"en-US","@id":"https:\/\/unikognaturlig.dk\/en\/product\/linen-bread-bag-checked-green\/#primaryimage","url":"https:\/\/unikognaturlig.dk\/wp-content\/uploads\/2024\/11\/broedpose-hoer-groen-ternet-1-1000-5.jpg","contentUrl":"https:\/\/unikognaturlig.dk\/wp-content\/uploads\/2024\/11\/broedpose-hoer-groen-ternet-1-1000-5.jpg","width":1000,"height":1000,"caption":"linen bread bag | cheked green"},{"@type":"BreadcrumbList","@id":"https:\/\/unikognaturlig.dk\/en\/product\/linen-bread-bag-checked-green\/#breadcrumb","itemListElement":[{"@type":"ListItem","position":1,"name":"Forside","item":"https:\/\/unikognaturlig.dk\/en\/"},{"@type":"ListItem","position":2,"name":"SHOP","item":"https:\/\/unikognaturlig.dk\/en\/shop-2\/"},{"@type":"ListItem","position":3,"name":"Linen bread bag | checked green"}]},{"@type":"WebSite","@id":"https:\/\/unikognaturlig.dk\/en\/#website","url":"https:\/\/unikognaturlig.dk\/en\/","name":"Unik og Naturlig","description":"Kol kas tik dar vienas WordPress tinklalapis","publisher":{"@id":"https:\/\/unikognaturlig.dk\/en\/#organization"},"potentialAction":[{"@type":"SearchAction","target":{"@type":"EntryPoint","urlTemplate":"https:\/\/unikognaturlig.dk\/en\/?s={search_term_string}"},"query-input":{"@type":"PropertyValueSpecification","valueRequired":true,"valueName":"search_term_string"}}],"inLanguage":"en-US"},{"@type":"Organization","@id":"https:\/\/unikognaturlig.dk\/en\/#organization","name":"Unik og Naturlig","alternateName":"Unik og Naturlig","url":"https:\/\/unikognaturlig.dk\/en\/","logo":{"@type":"ImageObject","inLanguage":"en-US","@id":"https:\/\/unikognaturlig.dk\/en\/#\/schema\/logo\/image\/","url":"https:\/\/unikognaturlig.dk\/wp-content\/uploads\/2025\/10\/LOGO.jpg","contentUrl":"https:\/\/unikognaturlig.dk\/wp-content\/uploads\/2025\/10\/LOGO.jpg","width":360,"height":360,"caption":"Unik og Naturlig"},"image":{"@id":"https:\/\/unikognaturlig.dk\/en\/#\/schema\/logo\/image\/"},"sameAs":["https:\/\/www.facebook.com\/unikognaturlig\/","https:\/\/dk.pinterest.com\/unikognaturlig\/","https:\/\/www.instagram.com\/unikognaturlig\/"],"description":"Salg af \u00d8KO-TEX certificerede og European Flax\u2122 certificerede h\u00f8rprodukter til hjemmet. Alle vores produkter er produceret i Litauen (EU). Varer bliver afsendt fra vores lager i Danmark. Vi tilbyder dag-til-dag levering til GLS pakkeshop i Danmark. Fragt fra 39 kr. 14 dages returret.","email":"info@unikognaturlig.dk","telephone":"60568520","legalName":"Unik og Naturlig","foundingDate":"2014-07-10","vatID":"35907033","numberOfEmployees":{"@type":"QuantitativeValue","minValue":"1","maxValue":"10"},"publishingPrinciples":"https:\/\/unikognaturlig.dk\/persondatapolitik\/","correctionsPolicy":"https:\/\/unikognaturlig.dk\/fortrudelse-reklamation\/"}]}},"_links":{"self":[{"href":"https:\/\/unikognaturlig.dk\/en\/wp-json\/wp\/v2\/product\/64405","targetHints":{"allow":["GET"]}}],"collection":[{"href":"https:\/\/unikognaturlig.dk\/en\/wp-json\/wp\/v2\/product"}],"about":[{"href":"https:\/\/unikognaturlig.dk\/en\/wp-json\/wp\/v2\/types\/product"}],"wp:featuredmedia":[{"embeddable":true,"href":"https:\/\/unikognaturlig.dk\/en\/wp-json\/wp\/v2\/media\/64390"}],"wp:attachment":[{"href":"https:\/\/unikognaturlig.dk\/en\/wp-json\/wp\/v2\/media?parent=64405"}],"wp:term":[{"taxonomy":"product_brand","embeddable":true,"href":"https:\/\/unikognaturlig.dk\/en\/wp-json\/wp\/v2\/product_brand?post=64405"},{"taxonomy":"product_cat","embeddable":true,"href":"https:\/\/unikognaturlig.dk\/en\/wp-json\/wp\/v2\/product_cat?post=64405"},{"taxonomy":"product_tag","embeddable":true,"href":"https:\/\/unikognaturlig.dk\/en\/wp-json\/wp\/v2\/product_tag?post=64405"}],"curies":[{"name":"wp","href":"https:\/\/api.w.org\/{rel}","templated":true}]}}